{"id":2,"date":"2008-12-27T19:12:14","date_gmt":"2008-12-28T02:12:14","guid":{"rendered":"http:\/\/kodegeek.com\/blog\/?page_id=2"},"modified":"2021-02-16T19:57:12","modified_gmt":"2021-02-17T00:57:12","slug":"acercade","status":"publish","type":"page","link":"http:\/\/kodegeek.com\/blog\/acercade\/","title":{"rendered":"Acerca de"},"content":{"rendered":"<p>KodeGeek es un blog acerca de tecnolog\u00eda y de todas las cosas relacionadas con el mundo Geek. Este blog comenz\u00f3 realmente en el a\u00f1o 2004 con el nombre del &#8220;Angel Negro&#8221; y luego evolucion\u00f3 en el 2006 a lo que es conocido hoy en d\u00eda como KodeGeek.com.<\/p>\n<p><a class=\"linkedin-profileinsider-popup\" href=\"http:\/\/www.linkedin.com\/in\/josevnz\">Jos\u00e9 Vicente N\u00fa\u00f1ez Zuleta<\/a><\/p>\n<p><script src=\"http:\/\/connect.facebook.net\/en_US\/all.js#xfbml=1\"><\/script><fb:like -box=\"\" href=\"http:\/\/www.facebook.com\/pages\/KodeGeek\/128776173861009?sk=wall\" width=\"292\" show_faces=\"true\" stream=\"true\" header=\"true\"><\/fb:like><\/p>\n","protected":false},"excerpt":{"rendered":"<p>KodeGeek es un blog acerca de tecnolog\u00eda y de todas las cosas relacionadas con el mundo Geek. Este blog comenz\u00f3 realmente en el a\u00f1o 2004 con el nombre del &#8220;Angel Negro&#8221; y luego evolucion\u00f3 en el 2006 a lo que es conocido hoy en d\u00eda como KodeGeek.com. Jos\u00e9 Vicente N\u00fa\u00f1ez Zuleta<\/p>\n","protected":false},"author":1,"featured_media":0,"parent":0,"menu_order":0,"comment_status":"closed","ping_status":"open","template":"","meta":[],"_links":{"self":[{"href":"http:\/\/kodegeek.com\/blog\/wp-json\/wp\/v2\/pages\/2"}],"collection":[{"href":"http:\/\/kodegeek.com\/blog\/wp-json\/wp\/v2\/pages"}],"about":[{"href":"http:\/\/kodegeek.com\/blog\/wp-json\/wp\/v2\/types\/page"}],"author":[{"embeddable":true,"href":"http:\/\/kodegeek.com\/blog\/wp-json\/wp\/v2\/users\/1"}],"replies":[{"embeddable":true,"href":"http:\/\/kodegeek.com\/blog\/wp-json\/wp\/v2\/comments?post=2"}],"version-history":[{"count":9,"href":"http:\/\/kodegeek.com\/blog\/wp-json\/wp\/v2\/pages\/2\/revisions"}],"predecessor-version":[{"id":4693,"href":"http:\/\/kodegeek.com\/blog\/wp-json\/wp\/v2\/pages\/2\/revisions\/4693"}],"wp:attachment":[{"href":"http:\/\/kodegeek.com\/blog\/wp-json\/wp\/v2\/media?parent=2"}],"curies":[{"name":"wp","href":"https:\/\/api.w.org\/{rel}","templated":true}]}}